{"id":1332,"date":"2023-02-07T14:19:43","date_gmt":"2023-02-07T14:19:43","guid":{"rendered":"https:\/\/www.rompco.co.za\/noticias-e-informacoes\/"},"modified":"2023-05-24T08:09:10","modified_gmt":"2023-05-24T08:09:10","slug":"noticias-e-informacoes","status":"publish","type":"page","link":"https:\/\/www.rompco.co.za\/pt-pt\/noticias-e-informacoes\/","title":{"rendered":"Not\u00edcias e informa\u00e7\u00f5es"},"content":{"rendered":"\t\t<div data-elementor-type=\"wp-page\" data-elementor-id=\"1332\" class=\"elementor elementor-1332 elementor-495\" data-elementor-settings=\"{&quot;ha_cmc_init_switcher&quot;:&quot;no&quot;}\" data-elementor-post-type=\"page\">\n\t\t\t\t\t\t<section class=\"elementor-section elementor-top-section elementor-element elementor-element-7bfabd4 elementor-section-boxed elementor-section-height-default elementor-section-height-default\" data-id=\"7bfabd4\" data-element_type=\"section\" data-settings=\"{&quot;background_background&quot;:&quot;classic&quot;,&quot;_ha_eqh_enable&quot;:false}\">\n\t\t\t\t\t\t<div class=\"elementor-container elementor-column-gap-default\">\n\t\t\t\t\t<div class=\"elementor-column elementor-col-100 elementor-top-column elementor-element elementor-element-62fe2f5\" data-id=\"62fe2f5\" data-element_type=\"column\">\n\t\t\t<div class=\"elementor-widget-wrap elementor-element-populated\">\n\t\t\t\t\t\t<div class=\"elementor-element elementor-element-82f01a0 elementor-widget elementor-widget-heading\" data-id=\"82f01a0\" data-element_type=\"widget\" data-widget_type=\"heading.default\">\n\t\t\t\t<div class=\"elementor-widget-container\">\n\t\t\t\t\t<h1 class=\"elementor-heading-title elementor-size-default\">Not\u00edcias e Informa\u00e7\u00f5es<\/h1>\t\t\t\t<\/div>\n\t\t\t\t<\/div>\n\t\t\t\t<section class=\"elementor-section elementor-inner-section elementor-element elementor-element-6c3214e elementor-section-boxed elementor-section-height-default elementor-section-height-default\" data-id=\"6c3214e\" data-element_type=\"section\" data-settings=\"{&quot;_ha_eqh_enable&quot;:false}\">\n\t\t\t\t\t\t<div class=\"elementor-container elementor-column-gap-default\">\n\t\t\t\t\t<div class=\"elementor-column elementor-col-100 elementor-inner-column elementor-element elementor-element-1cc8c67\" data-id=\"1cc8c67\" data-element_type=\"column\">\n\t\t\t<div class=\"elementor-widget-wrap elementor-element-populated\">\n\t\t\t\t\t\t<div class=\"elementor-element elementor-element-d9a6324 e-transform e-transform ha-has-bg-overlay elementor-widget elementor-widget-BlogPost_Tiles\" data-id=\"d9a6324\" data-element_type=\"widget\" data-settings=\"{&quot;_transform_scaleX_effect&quot;:{&quot;unit&quot;:&quot;px&quot;,&quot;size&quot;:&quot;&quot;,&quot;sizes&quot;:[]},&quot;_transform_scaleX_effect_tablet&quot;:{&quot;unit&quot;:&quot;px&quot;,&quot;size&quot;:&quot;&quot;,&quot;sizes&quot;:[]},&quot;_transform_scaleX_effect_mobile&quot;:{&quot;unit&quot;:&quot;px&quot;,&quot;size&quot;:&quot;&quot;,&quot;sizes&quot;:[]},&quot;_transform_scaleY_effect&quot;:{&quot;unit&quot;:&quot;px&quot;,&quot;size&quot;:&quot;&quot;,&quot;sizes&quot;:[]},&quot;_transform_scaleY_effect_tablet&quot;:{&quot;unit&quot;:&quot;px&quot;,&quot;size&quot;:&quot;&quot;,&quot;sizes&quot;:[]},&quot;_transform_scaleY_effect_mobile&quot;:{&quot;unit&quot;:&quot;px&quot;,&quot;size&quot;:&quot;&quot;,&quot;sizes&quot;:[]},&quot;_transform_skewX_effect&quot;:{&quot;unit&quot;:&quot;px&quot;,&quot;size&quot;:&quot;&quot;,&quot;sizes&quot;:[]},&quot;_transform_skewX_effect_tablet&quot;:{&quot;unit&quot;:&quot;deg&quot;,&quot;size&quot;:&quot;&quot;,&quot;sizes&quot;:[]},&quot;_transform_skewX_effect_mobile&quot;:{&quot;unit&quot;:&quot;deg&quot;,&quot;size&quot;:&quot;&quot;,&quot;sizes&quot;:[]},&quot;_transform_skewY_effect&quot;:{&quot;unit&quot;:&quot;px&quot;,&quot;size&quot;:&quot;&quot;,&quot;sizes&quot;:[]},&quot;_transform_skewY_effect_tablet&quot;:{&quot;unit&quot;:&quot;deg&quot;,&quot;size&quot;:&quot;&quot;,&quot;sizes&quot;:[]},&quot;_transform_skewY_effect_mobile&quot;:{&quot;unit&quot;:&quot;deg&quot;,&quot;size&quot;:&quot;&quot;,&quot;sizes&quot;:[]}}\" data-widget_type=\"BlogPost_Tiles.default\">\n\t\t\t\t<div class=\"elementor-widget-container\">\n\t\t\t\t\t<div class=\"bptls-main-wrapper bptls-style-three\"><article class=\"bptls-img-wrapper\"><div class=\"bptls-content-wrapper  \"><div class=\"bptls-title\"><h2 class=\"bptls-h2-title\">ROMPCO\u2019s Thembeka Mbuli highlights the role of women engineers in the oil and gas sector<h2><\/a><\/div><div class=\"bptls-desc\"><p>In celebration of\u00a0International Women in Engineering Day (INWED)\u00a0on 23 June, the Republic of Mozambique Pipeline......<\/p><\/div><div class=\"bptls-meta  \"><div class=\"bptls-date\"><span>14 Jul 23<\/span><\/div><div class=\"bptls-author\"><span>admin@rompco<\/span><\/div><\/div><\/div><ul class=\"post-categories\"><li><a href=\"https:\/\/www.rompco.co.za\/pt-pt\/2023\/07\/14\/rompcos-thembeka-mbuli-highlights-the-role-of-women-engineers-in-the-oil-and-gas-sector-2\/\" class=\"bptls-cat\">Not\u00edcias mais recentes<\/a><\/li><\/ul><a class=\"bptls_thumbnail\" href=\"https:\/\/www.rompco.co.za\/pt-pt\/2023\/07\/14\/rompcos-thembeka-mbuli-highlights-the-role-of-women-engineers-in-the-oil-and-gas-sector-2\/\"><img fetchpriority=\"high\" decoding=\"async\" width=\"800\" height=\"953\" src=\"https:\/\/www.rompco.co.za\/wp-content\/uploads\/2023\/06\/Thembeka-in-Komati-860x1024.jpg\" class=\"attachment-large size-large wp-post-image\" alt=\"\" srcset=\"https:\/\/www.rompco.co.za\/wp-content\/uploads\/2023\/06\/Thembeka-in-Komati-860x1024.jpg 860w, https:\/\/www.rompco.co.za\/wp-content\/uploads\/2023\/06\/Thembeka-in-Komati-252x300.jpg 252w, https:\/\/www.rompco.co.za\/wp-content\/uploads\/2023\/06\/Thembeka-in-Komati-768x914.jpg 768w, https:\/\/www.rompco.co.za\/wp-content\/uploads\/2023\/06\/Thembeka-in-Komati-1290x1536.jpg 1290w, https:\/\/www.rompco.co.za\/wp-content\/uploads\/2023\/06\/Thembeka-in-Komati.jpg 1684w\" sizes=\"(max-width: 800px) 100vw, 800px\" \/><\/a><\/article><article class=\"bptls-img-wrapper\"><div class=\"bptls-content-wrapper  \"><div class=\"bptls-title\"><h2 class=\"bptls-h2-title\">A ROMPCO distingue os melhores alunos no seu programa de bolsas de estudo<h2><\/a><\/div><div class=\"bptls-desc\"><p>A Republic of Mozambique Investments Pipeline Company (ROMPCO) realizou na passada quinta-feira, 25 de maio,......<\/p><\/div><div class=\"bptls-meta  \"><div class=\"bptls-date\"><span>7 Jun 23<\/span><\/div><div class=\"bptls-author\"><span>admin@rompco<\/span><\/div><\/div><\/div><ul class=\"post-categories\"><li><a href=\"https:\/\/www.rompco.co.za\/pt-pt\/2023\/06\/07\/rompco-homenageia-melhores-estudantes-do-seu-programa-de-bolsas\/\" class=\"bptls-cat\">Not\u00edcias mais recentes<\/a><\/li><\/ul><a class=\"bptls_thumbnail\" href=\"https:\/\/www.rompco.co.za\/pt-pt\/2023\/06\/07\/rompco-homenageia-melhores-estudantes-do-seu-programa-de-bolsas\/\"><img decoding=\"async\" width=\"800\" height=\"453\" src=\"https:\/\/www.rompco.co.za\/wp-content\/uploads\/2023\/06\/rompco-image-1024x580.jpg\" class=\"attachment-large size-large wp-post-image\" alt=\"\" srcset=\"https:\/\/www.rompco.co.za\/wp-content\/uploads\/2023\/06\/rompco-image-1024x580.jpg 1024w, https:\/\/www.rompco.co.za\/wp-content\/uploads\/2023\/06\/rompco-image-300x170.jpg 300w, https:\/\/www.rompco.co.za\/wp-content\/uploads\/2023\/06\/rompco-image-768x435.jpg 768w, https:\/\/www.rompco.co.za\/wp-content\/uploads\/2023\/06\/rompco-image.jpg 1390w\" sizes=\"(max-width: 800px) 100vw, 800px\" \/><\/a><\/article><\/div>\t\t\t\t<\/div>\n\t\t\t\t<\/div>\n\t\t\t\t\t<\/div>\n\t\t<\/div>\n\t\t\t\t\t<\/div>\n\t\t<\/section>\n\t\t\t\t\t<\/div>\n\t\t<\/div>\n\t\t\t\t\t<\/div>\n\t\t<\/section>\n\t\t\t\t<\/div>\n\t\t","protected":false},"excerpt":{"rendered":"<p>Not\u00edcias e Informa\u00e7\u00f5es Natural Gas Analysis Lorem ipsum dolor sit amet, consectetur adipiscing elit, sed do eiusmod tempor incididunt ut labore&#8230;&#8230; 6 Feb 23admin@rompco Latest News Gas: A key solution to our electricity\u2026 Lorem ipsum dolor sit amet, consectetur adipiscing elit, sed do eiusmod tempor incididunt ut labore&#8230;&#8230; 6 Feb 23admin@rompco Latest News Massive win [&hellip;]<\/p>\n","protected":false},"author":1,"featured_media":0,"parent":0,"menu_order":0,"comment_status":"closed","ping_status":"closed","template":"elementor_header_footer","meta":{"footnotes":""},"class_list":["post-1332","page","type-page","status-publish","hentry"],"jetpack_sharing_enabled":true,"_links":{"self":[{"href":"https:\/\/www.rompco.co.za\/pt-pt\/wp-json\/wp\/v2\/pages\/1332","targetHints":{"allow":["GET"]}}],"collection":[{"href":"https:\/\/www.rompco.co.za\/pt-pt\/wp-json\/wp\/v2\/pages"}],"about":[{"href":"https:\/\/www.rompco.co.za\/pt-pt\/wp-json\/wp\/v2\/types\/page"}],"author":[{"embeddable":true,"href":"https:\/\/www.rompco.co.za\/pt-pt\/wp-json\/wp\/v2\/users\/1"}],"replies":[{"embeddable":true,"href":"https:\/\/www.rompco.co.za\/pt-pt\/wp-json\/wp\/v2\/comments?post=1332"}],"version-history":[{"count":3,"href":"https:\/\/www.rompco.co.za\/pt-pt\/wp-json\/wp\/v2\/pages\/1332\/revisions"}],"predecessor-version":[{"id":1540,"href":"https:\/\/www.rompco.co.za\/pt-pt\/wp-json\/wp\/v2\/pages\/1332\/revisions\/1540"}],"wp:attachment":[{"href":"https:\/\/www.rompco.co.za\/pt-pt\/wp-json\/wp\/v2\/media?parent=1332"}],"curies":[{"name":"wp","href":"https:\/\/api.w.org\/{rel}","templated":true}]}}