{"id":1312,"date":"2023-02-07T08:22:21","date_gmt":"2023-02-07T08:22:21","guid":{"rendered":"https:\/\/www.rompco.co.za\/hse\/"},"modified":"2023-05-22T10:46:04","modified_gmt":"2023-05-22T10:46:04","slug":"hse","status":"publish","type":"page","link":"https:\/\/www.rompco.co.za\/pt-pt\/hse\/","title":{"rendered":"HSE"},"content":{"rendered":"\t\t<div data-elementor-type=\"wp-page\" data-elementor-id=\"1312\" class=\"elementor elementor-1312 elementor-325\" data-elementor-settings=\"{&quot;ha_cmc_init_switcher&quot;:&quot;no&quot;}\" data-elementor-post-type=\"page\">\n\t\t\t\t\t\t<section class=\"elementor-section elementor-top-section elementor-element elementor-element-5372daf elementor-section-boxed elementor-section-height-default elementor-section-height-default\" data-id=\"5372daf\" data-element_type=\"section\" data-settings=\"{&quot;background_background&quot;:&quot;classic&quot;,&quot;_ha_eqh_enable&quot;:false}\">\n\t\t\t\t\t\t<div class=\"elementor-container elementor-column-gap-default\">\n\t\t\t\t\t<div class=\"elementor-column elementor-col-50 elementor-top-column elementor-element elementor-element-3e33bf8\" data-id=\"3e33bf8\" data-element_type=\"column\" data-settings=\"{&quot;background_background&quot;:&quot;slideshow&quot;,&quot;background_slideshow_gallery&quot;:[{&quot;id&quot;:1071,&quot;url&quot;:&quot;https:\\\/\\\/www.rompco.co.za\\\/wp-content\\\/uploads\\\/2023\\\/05\\\/HSEImageHolder.jpg&quot;}],&quot;background_slideshow_loop&quot;:&quot;yes&quot;,&quot;background_slideshow_slide_duration&quot;:5000,&quot;background_slideshow_slide_transition&quot;:&quot;fade&quot;,&quot;background_slideshow_transition_duration&quot;:500}\">\n\t\t\t<div class=\"elementor-widget-wrap elementor-element-populated\">\n\t\t\t\t\t\t<div class=\"elementor-element elementor-element-3e459c7 elementor-widget elementor-widget-spacer\" data-id=\"3e459c7\" data-element_type=\"widget\" data-widget_type=\"spacer.default\">\n\t\t\t\t<div class=\"elementor-widget-container\">\n\t\t\t\t\t\t\t<div class=\"elementor-spacer\">\n\t\t\t<div class=\"elementor-spacer-inner\"><\/div>\n\t\t<\/div>\n\t\t\t\t\t\t<\/div>\n\t\t\t\t<\/div>\n\t\t\t\t\t<\/div>\n\t\t<\/div>\n\t\t\t\t<div class=\"elementor-column elementor-col-50 elementor-top-column elementor-element elementor-element-3feb0ae\" data-id=\"3feb0ae\" data-element_type=\"column\" data-settings=\"{&quot;background_background&quot;:&quot;classic&quot;}\">\n\t\t\t<div class=\"elementor-widget-wrap elementor-element-populated\">\n\t\t\t\t\t\t<div class=\"elementor-element elementor-element-4821d89 elementor-widget elementor-widget-heading\" data-id=\"4821d89\" data-element_type=\"widget\" data-widget_type=\"heading.default\">\n\t\t\t\t<div class=\"elementor-widget-container\">\n\t\t\t\t\t<h1 class=\"elementor-heading-title elementor-size-default\">Sa\u00fade, Seguran\u00e7a e Ambiente<\/h1>\t\t\t\t<\/div>\n\t\t\t\t<\/div>\n\t\t\t\t<div class=\"elementor-element elementor-element-060a386 elementor-widget elementor-widget-spacer\" data-id=\"060a386\" data-element_type=\"widget\" data-widget_type=\"spacer.default\">\n\t\t\t\t<div class=\"elementor-widget-container\">\n\t\t\t\t\t\t\t<div class=\"elementor-spacer\">\n\t\t\t<div class=\"elementor-spacer-inner\"><\/div>\n\t\t<\/div>\n\t\t\t\t\t\t<\/div>\n\t\t\t\t<\/div>\n\t\t\t\t<div class=\"elementor-element elementor-element-ef2f177 elementor-widget elementor-widget-text-editor\" data-id=\"ef2f177\" data-element_type=\"widget\" data-widget_type=\"text-editor.default\">\n\t\t\t\t<div class=\"elementor-widget-container\">\n\t\t\t\t\t\t\t\t\t<p>Atrav\u00e9s do nosso programa de Seguran\u00e7a, Sa\u00fade, Risco Ambiental e Qualidade (SHERQ) na ROMPCO, esfor\u00e7amo-nos por atingir zero danos e permitir uma mudan\u00e7a radical no nosso desempenho de seguran\u00e7a atrav\u00e9s do empenho e da disciplina operacional. A nossa estrutura de gest\u00e3o de Zero Danos apoia a nossa cultura de seguran\u00e7a integrada Garantir que os funcion\u00e1rios com forma\u00e7\u00e3o adequada est\u00e3o equipados para trabalhar em seguran\u00e7a. Educar e<br \/>informar continuamente todas as partes interessadas. Somos guiados pelos nossos padr\u00f5es de comportamento \u00e9tico definidos pelo nosso C\u00f3digo de Conduta.<\/p>\t\t\t\t\t\t\t\t<\/div>\n\t\t\t\t<\/div>\n\t\t\t\t<div class=\"elementor-element elementor-element-df940ce elementor-widget elementor-widget-spacer\" data-id=\"df940ce\" data-element_type=\"widget\" data-widget_type=\"spacer.default\">\n\t\t\t\t<div class=\"elementor-widget-container\">\n\t\t\t\t\t\t\t<div class=\"elementor-spacer\">\n\t\t\t<div class=\"elementor-spacer-inner\"><\/div>\n\t\t<\/div>\n\t\t\t\t\t\t<\/div>\n\t\t\t\t<\/div>\n\t\t\t\t\t<\/div>\n\t\t<\/div>\n\t\t\t\t\t<\/div>\n\t\t<\/section>\n\t\t\t\t<section class=\"elementor-section elementor-top-section elementor-element elementor-element-bdec08b elementor-section-boxed elementor-section-height-default elementor-section-height-default\" data-id=\"bdec08b\" data-element_type=\"section\" data-settings=\"{&quot;background_background&quot;:&quot;classic&quot;,&quot;background_motion_fx_motion_fx_scrolling&quot;:&quot;yes&quot;,&quot;background_motion_fx_translateY_effect&quot;:&quot;yes&quot;,&quot;background_motion_fx_translateY_speed&quot;:{&quot;unit&quot;:&quot;px&quot;,&quot;size&quot;:10,&quot;sizes&quot;:[]},&quot;background_motion_fx_translateY_affectedRange&quot;:{&quot;unit&quot;:&quot;%&quot;,&quot;size&quot;:&quot;&quot;,&quot;sizes&quot;:{&quot;start&quot;:0,&quot;end&quot;:100}},&quot;background_motion_fx_devices&quot;:[&quot;desktop&quot;,&quot;tablet&quot;,&quot;mobile&quot;],&quot;_ha_eqh_enable&quot;:false}\">\n\t\t\t\t\t\t\t<div class=\"elementor-background-overlay\"><\/div>\n\t\t\t\t\t\t\t<div class=\"elementor-container elementor-column-gap-default\">\n\t\t\t\t\t<div class=\"elementor-column elementor-col-100 elementor-top-column elementor-element elementor-element-e62751a\" data-id=\"e62751a\" data-element_type=\"column\">\n\t\t\t<div class=\"elementor-widget-wrap elementor-element-populated\">\n\t\t\t\t\t\t<div class=\"elementor-element elementor-element-9b8de11 elementor-widget elementor-widget-spacer\" data-id=\"9b8de11\" data-element_type=\"widget\" data-widget_type=\"spacer.default\">\n\t\t\t\t<div class=\"elementor-widget-container\">\n\t\t\t\t\t\t\t<div class=\"elementor-spacer\">\n\t\t\t<div class=\"elementor-spacer-inner\"><\/div>\n\t\t<\/div>\n\t\t\t\t\t\t<\/div>\n\t\t\t\t<\/div>\n\t\t\t\t<section class=\"elementor-section elementor-inner-section elementor-element elementor-element-c1871f1 elementor-section-boxed elementor-section-height-default elementor-section-height-default\" data-id=\"c1871f1\" data-element_type=\"section\" data-settings=\"{&quot;_ha_eqh_enable&quot;:false}\">\n\t\t\t\t\t\t<div class=\"elementor-container elementor-column-gap-default\">\n\t\t\t\t\t<div class=\"elementor-column elementor-col-50 elementor-inner-column elementor-element elementor-element-d631780\" data-id=\"d631780\" data-element_type=\"column\" data-settings=\"{&quot;background_background&quot;:&quot;classic&quot;}\">\n\t\t\t<div class=\"elementor-widget-wrap elementor-element-populated\">\n\t\t\t\t\t\t<div class=\"elementor-element elementor-element-cba86b5 elementor-widget elementor-widget-text-editor\" data-id=\"cba86b5\" data-element_type=\"widget\" data-widget_type=\"text-editor.default\">\n\t\t\t\t<div class=\"elementor-widget-container\">\n\t\t\t\t\t\t\t\t\t<p>Conduzimos a nossa actividade procurando a harmonia entre as actividades de protec\u00e7\u00e3o ambiental e as comunidades locais\/parceiros de neg\u00f3cios para transmitir um ambiente saud\u00e1vel e sustent\u00e1vel \u00e0s gera\u00e7\u00f5es seguintes.<\/p><p><br \/>\u00a0Asseguramos um ambiente empresarial sustent\u00e1vel e estamos empenhados em pr\u00e1ticas de seguran\u00e7a, sa\u00fade e bem-estar, esfor\u00e7ando-nos por trabalhar e viver sem les\u00f5es.<\/p><p><br \/>\u00a0Acreditamos que todas as les\u00f5es e acidentes podem ser evitados e que a seguran\u00e7a se sobrep\u00f5e a todas as outras considera\u00e7\u00f5es.<\/p><p><br \/>\u00a0Asseguramos uma boa governa\u00e7\u00e3o e o cumprimento de todas as leis e regulamentos aplic\u00e1veis e relevantes da SHERQ.<\/p><p><br \/>Gerimos activamente a nossa pegada ambiental para minimizar e atenuar os impactos adversos no ambiente.<\/p>\t\t\t\t\t\t\t\t<\/div>\n\t\t\t\t<\/div>\n\t\t\t\t\t<\/div>\n\t\t<\/div>\n\t\t\t\t<div class=\"elementor-column elementor-col-50 elementor-inner-column elementor-element elementor-element-a661ba0\" data-id=\"a661ba0\" data-element_type=\"column\" data-settings=\"{&quot;background_background&quot;:&quot;classic&quot;}\">\n\t\t\t<div class=\"elementor-widget-wrap elementor-element-populated\">\n\t\t\t\t\t\t<div class=\"elementor-element elementor-element-4f2b1fc elementor-widget elementor-widget-spacer\" data-id=\"4f2b1fc\" data-element_type=\"widget\" data-widget_type=\"spacer.default\">\n\t\t\t\t<div class=\"elementor-widget-container\">\n\t\t\t\t\t\t\t<div class=\"elementor-spacer\">\n\t\t\t<div class=\"elementor-spacer-inner\"><\/div>\n\t\t<\/div>\n\t\t\t\t\t\t<\/div>\n\t\t\t\t<\/div>\n\t\t\t\t<div class=\"elementor-element elementor-element-2041834 elementor-widget elementor-widget-spacer\" data-id=\"2041834\" data-element_type=\"widget\" data-widget_type=\"spacer.default\">\n\t\t\t\t<div class=\"elementor-widget-container\">\n\t\t\t\t\t\t\t<div class=\"elementor-spacer\">\n\t\t\t<div class=\"elementor-spacer-inner\"><\/div>\n\t\t<\/div>\n\t\t\t\t\t\t<\/div>\n\t\t\t\t<\/div>\n\t\t\t\t\t<\/div>\n\t\t<\/div>\n\t\t\t\t\t<\/div>\n\t\t<\/section>\n\t\t\t\t<div class=\"elementor-element elementor-element-8d42617 elementor-widget elementor-widget-spacer\" data-id=\"8d42617\" data-element_type=\"widget\" data-widget_type=\"spacer.default\">\n\t\t\t\t<div class=\"elementor-widget-container\">\n\t\t\t\t\t\t\t<div class=\"elementor-spacer\">\n\t\t\t<div class=\"elementor-spacer-inner\"><\/div>\n\t\t<\/div>\n\t\t\t\t\t\t<\/div>\n\t\t\t\t<\/div>\n\t\t\t\t\t<\/div>\n\t\t<\/div>\n\t\t\t\t\t<\/div>\n\t\t<\/section>\n\t\t\t\t<\/div>\n\t\t","protected":false},"excerpt":{"rendered":"<p>Sa\u00fade, Seguran\u00e7a e Ambiente Atrav\u00e9s do nosso programa de Seguran\u00e7a, Sa\u00fade, Risco Ambiental e Qualidade (SHERQ) na ROMPCO, esfor\u00e7amo-nos por atingir zero danos e permitir uma mudan\u00e7a radical no nosso desempenho de seguran\u00e7a atrav\u00e9s do empenho e da disciplina operacional. A nossa estrutura de gest\u00e3o de Zero Danos apoia a nossa cultura de seguran\u00e7a integrada [&hellip;]<\/p>\n","protected":false},"author":1,"featured_media":0,"parent":0,"menu_order":0,"comment_status":"closed","ping_status":"closed","template":"elementor_header_footer","meta":{"footnotes":""},"class_list":["post-1312","page","type-page","status-publish","hentry"],"jetpack_sharing_enabled":true,"_links":{"self":[{"href":"https:\/\/www.rompco.co.za\/pt-pt\/wp-json\/wp\/v2\/pages\/1312","targetHints":{"allow":["GET"]}}],"collection":[{"href":"https:\/\/www.rompco.co.za\/pt-pt\/wp-json\/wp\/v2\/pages"}],"about":[{"href":"https:\/\/www.rompco.co.za\/pt-pt\/wp-json\/wp\/v2\/types\/page"}],"author":[{"embeddable":true,"href":"https:\/\/www.rompco.co.za\/pt-pt\/wp-json\/wp\/v2\/users\/1"}],"replies":[{"embeddable":true,"href":"https:\/\/www.rompco.co.za\/pt-pt\/wp-json\/wp\/v2\/comments?post=1312"}],"version-history":[{"count":6,"href":"https:\/\/www.rompco.co.za\/pt-pt\/wp-json\/wp\/v2\/pages\/1312\/revisions"}],"predecessor-version":[{"id":1500,"href":"https:\/\/www.rompco.co.za\/pt-pt\/wp-json\/wp\/v2\/pages\/1312\/revisions\/1500"}],"wp:attachment":[{"href":"https:\/\/www.rompco.co.za\/pt-pt\/wp-json\/wp\/v2\/media?parent=1312"}],"curies":[{"name":"wp","href":"https:\/\/api.w.org\/{rel}","templated":true}]}}