{"id":1308,"date":"2023-02-07T13:46:04","date_gmt":"2023-02-07T13:46:04","guid":{"rendered":"https:\/\/www.rompco.co.za\/carreiras\/"},"modified":"2023-05-22T12:06:44","modified_gmt":"2023-05-22T12:06:44","slug":"carreiras","status":"publish","type":"page","link":"https:\/\/www.rompco.co.za\/pt-pt\/carreiras\/","title":{"rendered":"Carreiras"},"content":{"rendered":"\t\t<div data-elementor-type=\"wp-page\" data-elementor-id=\"1308\" class=\"elementor elementor-1308 elementor-473\" data-elementor-settings=\"{&quot;ha_cmc_init_switcher&quot;:&quot;no&quot;}\" data-elementor-post-type=\"page\">\n\t\t\t\t\t\t<section class=\"elementor-section elementor-top-section elementor-element elementor-element-5372daf elementor-section-boxed elementor-section-height-default elementor-section-height-default\" data-id=\"5372daf\" data-element_type=\"section\" data-settings=\"{&quot;background_background&quot;:&quot;classic&quot;,&quot;_ha_eqh_enable&quot;:false}\">\n\t\t\t\t\t\t<div class=\"elementor-container elementor-column-gap-default\">\n\t\t\t\t\t<div class=\"elementor-column elementor-col-50 elementor-top-column elementor-element elementor-element-3e33bf8\" data-id=\"3e33bf8\" data-element_type=\"column\" data-settings=\"{&quot;background_background&quot;:&quot;slideshow&quot;,&quot;background_slideshow_gallery&quot;:[{&quot;id&quot;:821,&quot;url&quot;:&quot;https:\\\/\\\/www.rompco.co.za\\\/wp-content\\\/uploads\\\/2023\\\/03\\\/CareersImage1.jpg&quot;}],&quot;background_slideshow_loop&quot;:&quot;yes&quot;,&quot;background_slideshow_slide_duration&quot;:5000,&quot;background_slideshow_slide_transition&quot;:&quot;fade&quot;,&quot;background_slideshow_transition_duration&quot;:500}\">\n\t\t\t<div class=\"elementor-widget-wrap elementor-element-populated\">\n\t\t\t\t\t\t<div class=\"elementor-element elementor-element-3e459c7 elementor-widget elementor-widget-spacer\" data-id=\"3e459c7\" data-element_type=\"widget\" data-widget_type=\"spacer.default\">\n\t\t\t\t<div class=\"elementor-widget-container\">\n\t\t\t\t\t\t\t<div class=\"elementor-spacer\">\n\t\t\t<div class=\"elementor-spacer-inner\"><\/div>\n\t\t<\/div>\n\t\t\t\t\t\t<\/div>\n\t\t\t\t<\/div>\n\t\t\t\t\t<\/div>\n\t\t<\/div>\n\t\t\t\t<div class=\"elementor-column elementor-col-50 elementor-top-column elementor-element elementor-element-3feb0ae\" data-id=\"3feb0ae\" data-element_type=\"column\" data-settings=\"{&quot;background_background&quot;:&quot;classic&quot;}\">\n\t\t\t<div class=\"elementor-widget-wrap elementor-element-populated\">\n\t\t\t\t\t\t<div class=\"elementor-element elementor-element-4821d89 elementor-widget elementor-widget-heading\" data-id=\"4821d89\" data-element_type=\"widget\" data-widget_type=\"heading.default\">\n\t\t\t\t<div class=\"elementor-widget-container\">\n\t\t\t\t\t<h1 class=\"elementor-heading-title elementor-size-default\">Careers<\/h1>\t\t\t\t<\/div>\n\t\t\t\t<\/div>\n\t\t\t\t<div class=\"elementor-element elementor-element-060a386 elementor-widget elementor-widget-spacer\" data-id=\"060a386\" data-element_type=\"widget\" data-widget_type=\"spacer.default\">\n\t\t\t\t<div class=\"elementor-widget-container\">\n\t\t\t\t\t\t\t<div class=\"elementor-spacer\">\n\t\t\t<div class=\"elementor-spacer-inner\"><\/div>\n\t\t<\/div>\n\t\t\t\t\t\t<\/div>\n\t\t\t\t<\/div>\n\t\t\t\t<div class=\"elementor-element elementor-element-ef2f177 elementor-widget elementor-widget-text-editor\" data-id=\"ef2f177\" data-element_type=\"widget\" data-widget_type=\"text-editor.default\">\n\t\t\t\t<div class=\"elementor-widget-container\">\n\t\t\t\t\t\t\t\t\t<p>Na ROMPCO, reconhecemos que o nosso sucesso como empresa depende directamente das compet\u00eancias, do talento e do empenho dos nossos colaboradores.\u00a0 Incutimos uma cultura organizacional que promove a responsabiliza\u00e7\u00e3o, melhoria cont\u00ednua e desenvolvimento. Acreditamos numa abordagem inclusiva e hol\u00edstica (desenvolvimento pessoal e de equipa) em rela\u00e7\u00e3o \u00e0 gest\u00e3o de talentos, o que significa que assumimos que todos os nossos<br \/>funcion\u00e1rios t\u00eam talento e que pretendemos cultiv\u00e1-lo atrav\u00e9s de uma cultura de aprendizagem favor\u00e1vel.<\/p>\t\t\t\t\t\t\t\t<\/div>\n\t\t\t\t<\/div>\n\t\t\t\t<div class=\"elementor-element elementor-element-df940ce elementor-widget elementor-widget-spacer\" data-id=\"df940ce\" data-element_type=\"widget\" data-widget_type=\"spacer.default\">\n\t\t\t\t<div class=\"elementor-widget-container\">\n\t\t\t\t\t\t\t<div class=\"elementor-spacer\">\n\t\t\t<div class=\"elementor-spacer-inner\"><\/div>\n\t\t<\/div>\n\t\t\t\t\t\t<\/div>\n\t\t\t\t<\/div>\n\t\t\t\t\t<\/div>\n\t\t<\/div>\n\t\t\t\t\t<\/div>\n\t\t<\/section>\n\t\t\t\t<section class=\"elementor-section elementor-top-section elementor-element elementor-element-10dac9a elementor-section-boxed elementor-section-height-default elementor-section-height-default\" data-id=\"10dac9a\" data-element_type=\"section\" data-settings=\"{&quot;background_background&quot;:&quot;classic&quot;,&quot;_ha_eqh_enable&quot;:false}\">\n\t\t\t\t\t\t<div class=\"elementor-container elementor-column-gap-default\">\n\t\t\t\t\t<div class=\"elementor-column elementor-col-100 elementor-top-column elementor-element elementor-element-c3effd7\" data-id=\"c3effd7\" data-element_type=\"column\" data-settings=\"{&quot;background_background&quot;:&quot;classic&quot;}\">\n\t\t\t<div class=\"elementor-widget-wrap elementor-element-populated\">\n\t\t\t\t\t\t<div class=\"elementor-element elementor-element-ba1488d elementor-widget elementor-widget-spacer\" data-id=\"ba1488d\" data-element_type=\"widget\" data-widget_type=\"spacer.default\">\n\t\t\t\t<div class=\"elementor-widget-container\">\n\t\t\t\t\t\t\t<div class=\"elementor-spacer\">\n\t\t\t<div class=\"elementor-spacer-inner\"><\/div>\n\t\t<\/div>\n\t\t\t\t\t\t<\/div>\n\t\t\t\t<\/div>\n\t\t\t\t<div class=\"elementor-element elementor-element-eafad52 elementor-widget elementor-widget-text-editor\" data-id=\"eafad52\" data-element_type=\"widget\" data-widget_type=\"text-editor.default\">\n\t\t\t\t<div class=\"elementor-widget-container\">\n\t\t\t\t\t\t\t\t\t<p>Investimos consideravelmente no desenvolvimento dos nossos colaboradores para que sejam capazes de se destacar e estar preparados para enfrentar os desafios empresariais com que nos deparamos diariamente. As nossas diferen\u00e7as s\u00e3o celebradas como tal, e a equidade no emprego, diversidade, inclus\u00e3o e o sentimento de perten\u00e7a fazem parte integrante da cultura organizacional da ROMPCO. Trabalhar na ROMPCO significa que ter\u00e1 acesso a oportunidades para promover a sua carreira,<br \/>melhorando as suas compet\u00eancias atrav\u00e9s de uma combina\u00e7\u00e3o de qualifica\u00e7\u00f5es formais e forma\u00e7\u00e3o funcional, incluindo coaching e mentoring.<\/p><p>\u00a0<\/p><p>Ao juntar-se a ROMPCO estar\u00e1 em permanente contacto com as \u00e1reas do neg\u00f3cio em linha conforme a sua carreira, incluindo a oportunidade de fazer uma verdadeira diferen\u00e7a na sua \u00e1rea de trabalho. Oferecemos uma remunera\u00e7\u00e3o competitiva em fun\u00e7\u00e3o do mercado, incluindo uma vasta gama de benef\u00edcios. Acreditamos na manuten\u00e7\u00e3o do equil\u00edbrio entre a vida profissional e familiar. Como uma empresa em evolu\u00e7\u00e3o e crescimento, queremos atrair talentos competentes e empenhados para<br \/>participarem na emocionante viagem da ROMPCO.<\/p>\t\t\t\t\t\t\t\t<\/div>\n\t\t\t\t<\/div>\n\t\t\t\t\t<\/div>\n\t\t<\/div>\n\t\t\t\t\t<\/div>\n\t\t<\/section>\n\t\t\t\t<section class=\"elementor-section elementor-top-section elementor-element elementor-element-f51f891 elementor-section-stretched elementor-section-boxed elementor-section-height-default elementor-section-height-default\" data-id=\"f51f891\" data-element_type=\"section\" data-settings=\"{&quot;stretch_section&quot;:&quot;section-stretched&quot;,&quot;background_background&quot;:&quot;classic&quot;,&quot;_ha_eqh_enable&quot;:false}\">\n\t\t\t\t\t\t<div class=\"elementor-container elementor-column-gap-no\">\n\t\t\t\t\t<div class=\"elementor-column elementor-col-100 elementor-top-column elementor-element elementor-element-ac72153\" data-id=\"ac72153\" data-element_type=\"column\">\n\t\t\t<div class=\"elementor-widget-wrap elementor-element-populated\">\n\t\t\t\t\t\t<div class=\"elementor-element elementor-element-30eb1ec elementor-widget elementor-widget-heading\" data-id=\"30eb1ec\" data-element_type=\"widget\" data-widget_type=\"heading.default\">\n\t\t\t\t<div class=\"elementor-widget-container\">\n\t\t\t\t\t<h1 class=\"elementor-heading-title elementor-size-default\">Actualmente, n\u00e3o dispomos de oportunidades.<\/h1>\t\t\t\t<\/div>\n\t\t\t\t<\/div>\n\t\t\t\t\t<\/div>\n\t\t<\/div>\n\t\t\t\t\t<\/div>\n\t\t<\/section>\n\t\t\t\t<\/div>\n\t\t","protected":false},"excerpt":{"rendered":"<p>Careers Na ROMPCO, reconhecemos que o nosso sucesso como empresa depende directamente das compet\u00eancias, do talento e do empenho dos nossos colaboradores.\u00a0 Incutimos uma cultura organizacional que promove a responsabiliza\u00e7\u00e3o, melhoria cont\u00ednua e desenvolvimento. Acreditamos numa abordagem inclusiva e hol\u00edstica (desenvolvimento pessoal e de equipa) em rela\u00e7\u00e3o \u00e0 gest\u00e3o de talentos, o que significa que [&hellip;]<\/p>\n","protected":false},"author":1,"featured_media":0,"parent":0,"menu_order":0,"comment_status":"closed","ping_status":"closed","template":"elementor_header_footer","meta":{"footnotes":""},"class_list":["post-1308","page","type-page","status-publish","hentry"],"jetpack_sharing_enabled":true,"_links":{"self":[{"href":"https:\/\/www.rompco.co.za\/pt-pt\/wp-json\/wp\/v2\/pages\/1308","targetHints":{"allow":["GET"]}}],"collection":[{"href":"https:\/\/www.rompco.co.za\/pt-pt\/wp-json\/wp\/v2\/pages"}],"about":[{"href":"https:\/\/www.rompco.co.za\/pt-pt\/wp-json\/wp\/v2\/types\/page"}],"author":[{"embeddable":true,"href":"https:\/\/www.rompco.co.za\/pt-pt\/wp-json\/wp\/v2\/users\/1"}],"replies":[{"embeddable":true,"href":"https:\/\/www.rompco.co.za\/pt-pt\/wp-json\/wp\/v2\/comments?post=1308"}],"version-history":[{"count":3,"href":"https:\/\/www.rompco.co.za\/pt-pt\/wp-json\/wp\/v2\/pages\/1308\/revisions"}],"predecessor-version":[{"id":1517,"href":"https:\/\/www.rompco.co.za\/pt-pt\/wp-json\/wp\/v2\/pages\/1308\/revisions\/1517"}],"wp:attachment":[{"href":"https:\/\/www.rompco.co.za\/pt-pt\/wp-json\/wp\/v2\/media?parent=1308"}],"curies":[{"name":"wp","href":"https:\/\/api.w.org\/{rel}","templated":true}]}}